{"id":3,"date":"2025-07-25T18:23:03","date_gmt":"2025-07-25T16:23:03","guid":{"rendered":"http:\/\/malgorzata247.pl\/?page_id=3"},"modified":"2025-08-01T15:57:24","modified_gmt":"2025-08-01T13:57:24","slug":"polityka-prywatnosci","status":"publish","type":"page","link":"https:\/\/malgorzata247.pl\/index.php\/polityka-prywatnosci\/","title":{"rendered":"Polityka prywatno\u015bci"},"content":{"rendered":"\n<p><strong>\u00a71&nbsp;<\/strong><strong>POSTANOWIENIA OG\u00d3LNE<\/strong><\/p>\n\n\n\n<p>Administratorem danych osobowych zbieranych za po\u015brednictwem witryny\u00a0www.maglorzata247.pl\u00a0sp\u00f3\u0142ka cywilna <em>Sto\u0142\u00f3wka Ma\u0142gorzata &#8211; Sp\u00f3\u0142ka Cywilna<\/em>. <em>Ul. Legion\u00f3w 247<\/em> <em>43-502 Czechowice-Dziedzice<\/em>,\u00a0 zarejestrowan\u0105 pod numerem NIP. 6521729132. Copy ; REGON. 365369107.<\/p>\n\n\n\n<p><strong>\u00a7 2&nbsp;<\/strong><strong>CEL I ZAKRES ZBIERANIA DANYCH<\/strong><\/p>\n\n\n\n<p>Dane osobowe b\u0119d\u0105 przetwarzane celu przygotowania zam\u00f3wienia us\u0142ugi poprzez witryn\u0119 internetow\u0105, marketingu bezpo\u015bredniego, telefonicznego i internetowego dotycz\u0105cego w\u0142asnych produkt\u00f3w i us\u0142ug tzw. prawnie uzasadniony interes przedsi\u0119biorcy.<br>Dane w tych celach b\u0119d\u0105 przetwarzane na podstawie art. 6 ust. 1 lit. B), c), i f) Rozporz\u0105dzenia Parlamentu Europejskiego i Rady (UE) 2016\/679 z dnia 27 kwietnia 2016 roku w sprawie ochrony os\u00f3b fizycznych w zwi\u0105zku z przetwarzaniem danych osobowych i swobodnego przep\u0142ywy takich danych oraz uchylenia dyrektywy 95\/46\/WE zwane dalej ,,RODO\u201d<\/p>\n\n\n\n<p>Po wyra\u017ceniu odr\u0119bnej zgody, na podstawie art. 6 ust. 1 lit. a) RODO dane mog\u0105 by\u0107 przetwarzane r\u00f3wnie\u017c w celu przesy\u0142ania informacji handlowych drog\u0105 elektroniczn\u0105 odpowiednio w zwi\u0105zku z art. 10 ust. 2 Ustawy z dnia 18 lipca 2002 roku o \u015bwiadczeniu us\u0142ug drog\u0105 elektroniczn\u0105.<\/p>\n\n\n\n<p>W przypadku konieczno\u015bci dostarczenia zam\u00f3wienia dane osobowe mog\u0105 by\u0107 udost\u0119pniane operatorom pocztowym lub przewo\u017anikom wy\u0142\u0105cznie w celu dostarczenia zam\u00f3wienia (umowy, b\u0105d\u017a innych materia\u0142\u00f3w wysy\u0142anych droga pocztow\u0105). Dane transakcyjne, w tym dane osobowe, mog\u0105 zosta\u0107 przekazane na rzecz operatora p\u0142atno\u015bci elektronicznych, wybranego przez Klienta w procesie sk\u0142adania Zam\u00f3wienia, w zakresie niezb\u0119dnym do obs\u0142ugi p\u0142atno\u015bci za Zam\u00f3wienie. Dane osobowe przetwarzane w celach zwi\u0105zanych z przygotowaniem konkretnej oferty, analizy umowy kredytowej, umowy deweloperskiej, zam\u00f3wienia us\u0142ugi b\u0119d\u0105 przetwarzane przez okres niezb\u0119dny do realizacji umowy i zam\u00f3wienia, ka\u017cda oferta lub analiza umowy kredytowej, umowy deweloperskiej, po czym dane podlegaj\u0105ce archiwizacji b\u0119d\u0105 przechowywane przez okres w\u0142a\u015bciwy dla przedawnienia roszcze\u0144, tj. 10 lat. Dane osobowe przetwarzane w celach marketingowych obj\u0119tych o\u015bwiadczeniem zgody b\u0119d\u0105 przetwarzane do czasu odwo\u0142ania zgody.<\/p>\n\n\n\n<p>W przypadku stwierdzenia, \u017ce przetwarzanie danych osobowych narusza przepisy RODO, osoba, kt\u00f3rej dane dotycz\u0105, ma prawo wnie\u015b\u0107 skarg\u0119 do Prezesa Urz\u0119du Ochrony Danych Osobowych.<\/p>\n\n\n\n<p>Podanie danych osobowych jest dobrowolne, jednak podanie oznaczonych danych osobowych jest warunkiem podpisania umowy zlecenia, natomiast konsekwencj\u0105 ich niepodania b\u0119dzie brak mo\u017cliwo\u015bci wysy\u0142ki um\u00f3w do analizy.<\/p>\n\n\n\n<p>Administrator dok\u0142ada szczeg\u00f3lnej staranno\u015bci w celu ochrony interes\u00f3w os\u00f3b, kt\u00f3rych dane dotycz\u0105, a w szczeg\u00f3lno\u015bci zapewnia, \u017ce zbierane przez niego dane s\u0105:<\/p>\n\n\n\n<ul class=\"wp-block-list\">\n<li>przetwarzane zgodnie z prawem,<\/li>\n\n\n\n<li>zbierane dla oznaczonych, zgodnych z prawem cel\u00f3w i niepoddawane dalszemu przetwarzaniu niezgodnemu z tymi celami,<\/li>\n\n\n\n<li>merytorycznie poprawne i adekwatne w stosunku do cel\u00f3w, w jakich s\u0105 przetwarzane oraz przechowywane w postaci umo\u017cliwiaj\u0105cej identyfikacj\u0119 os\u00f3b, kt\u00f3rych dane dotycz\u0105, nie d\u0142u\u017cej ni\u017c jest to niezb\u0119dne do osi\u0105gni\u0119cia celu przetwarzania<\/li>\n<\/ul>\n\n\n\n<p><strong>\u00a7 3&nbsp;<\/strong><strong>PRAWO KONTROLI, DOST\u0118PU DO TRE\u015aCI W\u0141ASNYCH DANYCH ORAZ ICH POPRAWIANIA<\/strong><\/p>\n\n\n\n<p>Osoba, kt\u00f3rej dane dotycz\u0105, ma prawo dost\u0119pu do tre\u015bci swoich danych osobowych oraz prawo ich sprostowania, usuni\u0119cia, ograniczenia przetwarzania, prawo przenoszenia danych, prawo wniesienia sprzeciwu, prawo do cofni\u0119cia zgody w dowolnym momencie bez wp\u0142ywu na zgodno\u015b\u0107 z prawem przetwarzania, kt\u00f3rego dokonano na podstawia zgody przed jej cofni\u0119ciem.<\/p>\n\n\n\n<p>W celu realizacji uprawnie\u0144, o kt\u00f3rych mowa powy\u017cej mo\u017cna wys\u0142a\u0107 stosown\u0105 wiadomo\u015b\u0107 e-mail na adres: stolowka.malgorzata@gmail.com <\/p>\n\n\n\n<p><strong>\u00a7&nbsp;4&nbsp;<\/strong><strong>PLIKI \u201eCOOKIES\u201d<\/strong><\/p>\n\n\n\n<p>Witryna Us\u0142ugodawcy u\u017cywa plik\u00f3w ,,Cookiem\u201d. Brak zmian po stronie Us\u0142ugobiorcy ustawie\u0144 przegl\u0105darki jest r\u00f3wnoznaczny z wyra\u017ceniem zgody na ich u\u017cycie.<\/p>\n\n\n\n<p>Instalacja plik\u00f3w ,,Cookiem\u201d jest konieczna do prawid\u0142owego \u015bwiadczenia us\u0142ug w witrynie Us\u0142ugodawcy. W plikach ,,Cookiem\u201d znajduj\u0105 si\u0119 informacje niezb\u0119dne do prawid\u0142owego funkcjonowania witryny, w szczeg\u00f3lno\u015bci tych wymagaj\u0105cych autoryzacji.<\/p>\n\n\n\n<p>W ramach witryny stosowane s\u0105 trzy rodzaje plik\u00f3w ,,Cookies\u201d: ,,sesyjne\u201d, ,,sta\u0142e\u201d oraz ,,analityczne\u201d<\/p>\n\n\n\n<p>,,Cookies\u201d ,,sesyjne\u201d s\u0105 plikami tymczasowymi, kt\u00f3re przechowywane s\u0105 w urz\u0105dzeniu ko\u0144cowym Us\u0142ugobiorcy do czasu opuszczenia witryny.<\/p>\n\n\n\n<p>,,sta\u0142e\u201d pliki ,,Cookies\u201d s\u0105 przechowywane w urz\u0105dzeniu ko\u0144cowym Us\u0142ugobiorcy przez czas okre\u015blony w parametrach plik\u00f3w ,,Cookies\u201d lub do czasu ich usuni\u0119cia przez Us\u0142ugobiorc\u0119.<\/p>\n\n\n\n<p>,,Cookies\u201d analityczne\u201d umo\u017cliwiaj\u0105 lepsze poznanie sposobu interakcji Us\u0142ugobiorcy w zakresie zawarto\u015bci witryny Us\u0142ugodawcy, lepiej zorganizowa\u0107 jego uk\u0142ad. ,,Analityczne\u201d ,,Cookies\u201d gromadz\u0105 informacje o sposobie korzystania ze witryny www u przez us\u0142ugobiorc\u0119, typie strony, z jakiej Us\u0142ugobiorca zosta\u0142 przekierowany, oraz liczbie odwiedzin i czasie wizyty Us\u0142ugobiorcy na stronie Us\u0142ugodawcy. Informacje te nie rejestruj\u0105 konkretnych danych osobowych Us\u0142ugobiorcy, lecz s\u0142u\u017c\u0105 do opracowania statystyk korzystania ze Sklepu.<\/p>\n\n\n\n<p>Us\u0142ugobiorca ma prawo zadecydowania w zakresie dost\u0119pu plik\u00f3w ,,Cookies\u201d do swojego komputera poprzez ich uprzedni wyb\u00f3r w oknie swojej przegl\u0105darki. Szczeg\u00f3\u0142owe informacje o mo\u017cliwo\u015bci i sposobach obs\u0142ugi plik\u00f3w ,,Cookies\u201d dost\u0119pne s\u0105 w ustawieniach oprogramowania (przegl\u0105darki internetowej)<\/p>\n\n\n\n<p><strong>\u00a7&nbsp;5&nbsp;<\/strong><strong>POSTANOWIENIA KO\u0143COWE<\/strong><\/p>\n\n\n\n<p>Administrator stosuje \u015brodki techniczne i organizacyjne zapewniaj\u0105ce ochron\u0119 przetwarzanych danych osobowych odpowiedni\u0105 do zagro\u017ce\u0144 oraz kategorii obj\u0119tych ochron\u0105, a w szczeg\u00f3lno\u015bci zabezpiecza dane przed ich udost\u0119pnieniem osobom nieupowa\u017cnionym, zabraniem przez osob\u0119 nieuprawnion\u0105, przetwarzaniem z naruszeniem obowi\u0105zuj\u0105cych przepis\u00f3w, oraz zmian\u0105, utrat\u0105, uszkodzeniem lub zniszczeniem.<\/p>\n\n\n\n<p>Us\u0142ugodawca udost\u0119pnia odpowiednie \u015brodki techniczne zapobiegaj\u0105ce pozyskiwaniu i modyfikowaniu przez osoby nieuprawnione, danych osobowych przesy\u0142anych drog\u0105 elektroniczn\u0105.<\/p>\n\n\n\n<p>W sprawach nieuregulowanych niniejsz\u0105 Polityk\u0105 prywatno\u015bci stosuje si\u0119 odpowiednio przepisy Rozporz\u0105dzenia Parlamentu Europejskiego i Rady (UE) 2016\/679 z dnia 27 kwietnia 2016 roku w sprawie ochrony os\u00f3b fizycznych w zwi\u0105zku z przetwarzaniem danych osobowych i w sprawie swobodnego przep\u0142ywu takich danych oraz uchylenia dyrektywy 95\/46\/WE (RODO) oraz inne w\u0142a\u015bciwe przepisy prawa polskiego.<\/p>\n","protected":false},"excerpt":{"rendered":"<p>\u00a71&nbsp;POSTANOWIENIA OG\u00d3LNE Administratorem danych osobowych zbieranych za po\u015brednictwem witryny\u00a0www.maglorzata247.pl\u00a0sp\u00f3\u0142ka cywilna Sto\u0142\u00f3wka Ma\u0142gorzata &#8211; Sp\u00f3\u0142ka Cywilna. Ul. Legion\u00f3w 247 43-502 Czechowice-Dziedzice,\u00a0 [&hellip;]<\/p>\n","protected":false},"author":1,"featured_media":0,"parent":0,"menu_order":0,"comment_status":"closed","ping_status":"open","template":"","meta":{"site-sidebar-layout":"default","site-content-layout":"","ast-site-content-layout":"default","site-content-style":"default","site-sidebar-style":"default","ast-global-header-display":"","ast-banner-title-visibility":"","ast-main-header-display":"","ast-hfb-above-header-display":"","ast-hfb-below-header-display":"","ast-hfb-mobile-header-display":"","site-post-title":"","ast-breadcrumbs-content":"","ast-featured-img":"","footer-sml-layout":"","theme-transparent-header-meta":"","adv-header-id-meta":"","stick-header-meta":"","header-above-stick-meta":"","header-main-stick-meta":"","header-below-stick-meta":"","astra-migrate-meta-layouts":"default","ast-page-background-enabled":"default","ast-page-background-meta":{"desktop":{"background-color":"var(--ast-global-color-5)","background-image":"","background-repeat":"repeat","background-position":"center center","background-size":"auto","background-attachment":"scroll","background-type":"","background-media":"","overlay-type":"","overlay-color":"","overlay-opacity":"","overlay-gradient":""},"tablet":{"background-color":"","background-image":"","background-repeat":"repeat","background-position":"center center","background-size":"auto","background-attachment":"scroll","background-type":"","background-media":"","overlay-type":"","overlay-color":"","overlay-opacity":"","overlay-gradient":""},"mobile":{"background-color":"","background-image":"","background-repeat":"repeat","background-position":"center center","background-size":"auto","background-attachment":"scroll","background-type":"","background-media":"","overlay-type":"","overlay-color":"","overlay-opacity":"","overlay-gradient":""}},"ast-content-background-meta":{"desktop":{"background-color":"var(--ast-global-color-4)","background-image":"","background-repeat":"repeat","background-position":"center center","background-size":"auto","background-attachment":"scroll","background-type":"","background-media":"","overlay-type":"","overlay-color":"","overlay-opacity":"","overlay-gradient":""},"tablet":{"background-color":"var(--ast-global-color-4)","background-image":"","background-repeat":"repeat","background-position":"center center","background-size":"auto","background-attachment":"scroll","background-type":"","background-media":"","overlay-type":"","overlay-color":"","overlay-opacity":"","overlay-gradient":""},"mobile":{"background-color":"var(--ast-global-color-4)","background-image":"","background-repeat":"repeat","background-position":"center center","background-size":"auto","background-attachment":"scroll","background-type":"","background-media":"","overlay-type":"","overlay-color":"","overlay-opacity":"","overlay-gradient":""}},"footnotes":""},"class_list":["post-3","page","type-page","status-publish","hentry"],"jetpack_sharing_enabled":true,"_links":{"self":[{"href":"https:\/\/malgorzata247.pl\/index.php\/wp-json\/wp\/v2\/pages\/3","targetHints":{"allow":["GET"]}}],"collection":[{"href":"https:\/\/malgorzata247.pl\/index.php\/wp-json\/wp\/v2\/pages"}],"about":[{"href":"https:\/\/malgorzata247.pl\/index.php\/wp-json\/wp\/v2\/types\/page"}],"author":[{"embeddable":true,"href":"https:\/\/malgorzata247.pl\/index.php\/wp-json\/wp\/v2\/users\/1"}],"replies":[{"embeddable":true,"href":"https:\/\/malgorzata247.pl\/index.php\/wp-json\/wp\/v2\/comments?post=3"}],"version-history":[{"count":2,"href":"https:\/\/malgorzata247.pl\/index.php\/wp-json\/wp\/v2\/pages\/3\/revisions"}],"predecessor-version":[{"id":245,"href":"https:\/\/malgorzata247.pl\/index.php\/wp-json\/wp\/v2\/pages\/3\/revisions\/245"}],"wp:attachment":[{"href":"https:\/\/malgorzata247.pl\/index.php\/wp-json\/wp\/v2\/media?parent=3"}],"curies":[{"name":"wp","href":"https:\/\/api.w.org\/{rel}","templated":true}]}}